{"id":7304,"date":"2025-10-13T17:37:18","date_gmt":"2025-10-13T17:37:18","guid":{"rendered":"https:\/\/platabag.com\/?post_type=product&#038;p=7304"},"modified":"2025-10-15T10:33:40","modified_gmt":"2025-10-15T10:33:40","slug":"kathe-sample-sale-2","status":"publish","type":"product","link":"https:\/\/platabag.com\/pl\/shop\/kathe-sample-sale-2\/","title":{"rendered":"K\u00c4THE &#8211; Sample Sale"},"content":{"rendered":"<p><img decoding=\"async\" class=\"wp-image-6318 alignleft\" src=\"https:\/\/platabag.com\/wp-content\/uploads\/2023\/01\/needle-e1672840246594-300x258.png\" alt=\"\" width=\"60\" height=\"52\" srcset=\"https:\/\/platabag.com\/wp-content\/uploads\/2023\/01\/needle-e1672840246594-300x258.png 300w, https:\/\/platabag.com\/wp-content\/uploads\/2023\/01\/needle-e1672840246594-14x12.png 14w, https:\/\/platabag.com\/wp-content\/uploads\/2023\/01\/needle-e1672840246594-450x388.png 450w, https:\/\/platabag.com\/wp-content\/uploads\/2023\/01\/needle-e1672840246594.png 512w\" sizes=\"(max-width: 60px) 100vw, 60px\" \/>Ta torebka zosta\u0142a uszyta dla Ciebie w lokalnym zak\u0142adzie kaletniczym w Polsce.<\/p>\n<p>&nbsp;<\/p>\n<p><img decoding=\"async\" class=\"wp-image-6344 alignleft\" src=\"https:\/\/platabag.com\/wp-content\/uploads\/2023\/01\/leather-300x300.png\" alt=\"\" width=\"60\" height=\"60\" srcset=\"https:\/\/platabag.com\/wp-content\/uploads\/2023\/01\/leather-300x300.png 300w, https:\/\/platabag.com\/wp-content\/uploads\/2023\/01\/leather-150x150.png 150w, https:\/\/platabag.com\/wp-content\/uploads\/2023\/01\/leather-12x12.png 12w, https:\/\/platabag.com\/wp-content\/uploads\/2023\/01\/leather-450x450.png 450w, https:\/\/platabag.com\/wp-content\/uploads\/2023\/01\/leather-100x100.png 100w, https:\/\/platabag.com\/wp-content\/uploads\/2023\/01\/leather-50x50.png 50w, https:\/\/platabag.com\/wp-content\/uploads\/2023\/01\/leather-460x460.png 460w, https:\/\/platabag.com\/wp-content\/uploads\/2023\/01\/leather.png 512w\" sizes=\"(max-width: 60px) 100vw, 60px\" \/><\/p>\n<p>Stworzona z naturalnej sk\u00f3ry licowej.<\/p>\n<p>&nbsp;<\/p>\n<p style=\"text-align: center;\">Wewn\u0105trz zmie\u015bcisz:<\/p>\n<p style=\"text-align: center;\"><img decoding=\"async\" class=\"aligncenter wp-image-6265\" src=\"https:\/\/platabag.com\/wp-content\/uploads\/2023\/01\/UcanFIT-F10-1-1024x160.png\" alt=\"\" width=\"447\" height=\"70\" srcset=\"https:\/\/platabag.com\/wp-content\/uploads\/2023\/01\/UcanFIT-F10-1-1024x160.png 1024w, https:\/\/platabag.com\/wp-content\/uploads\/2023\/01\/UcanFIT-F10-1-300x47.png 300w, https:\/\/platabag.com\/wp-content\/uploads\/2023\/01\/UcanFIT-F10-1-768x120.png 768w, https:\/\/platabag.com\/wp-content\/uploads\/2023\/01\/UcanFIT-F10-1-1536x240.png 1536w, https:\/\/platabag.com\/wp-content\/uploads\/2023\/01\/UcanFIT-F10-1-2048x320.png 2048w, https:\/\/platabag.com\/wp-content\/uploads\/2023\/01\/UcanFIT-F10-1-18x3.png 18w, https:\/\/platabag.com\/wp-content\/uploads\/2023\/01\/UcanFIT-F10-1-1320x206.png 1320w, https:\/\/platabag.com\/wp-content\/uploads\/2023\/01\/UcanFIT-F10-1-450x70.png 450w, https:\/\/platabag.com\/wp-content\/uploads\/2023\/01\/UcanFIT-F10-1-800x125.png 800w\" sizes=\"(max-width: 447px) 100vw, 447px\" \/><\/p>\n<p>&nbsp;<\/p>\n<p style=\"text-align: center;\"><a href=\"https:\/\/platabag.com\/pl\/care\/\">Piel\u0119gnacja<\/a><\/p>\n<p style=\"text-align: center;\"><a href=\"https:\/\/platabag.com\/pl\/refund-and-returns\/\"><span class=\"elementor-icon-list-text\">Zwroty i Reklamacje<\/span><\/a><\/p>","protected":false},"excerpt":{"rendered":"<p>Torba KATHE jest wyj\u0105tkowym modelem w\u00a0stylu worka, wykonanym z\u00a0mi\u0119kkiej sk\u00f3ry, pasuj\u0105cym do codziennych stylizacji. Charakteryzuj\u0105 go niespotykane uszy- jedno d\u0142u\u017csze, kt\u00f3re po prze\u0142o\u017ceniu przez kr\u00f3tsze, pozwala nosi\u0107 torebk\u0119 na nadgarstku lub przedramieniu. W \u015brodku na przedniej \u015bcianie znajduje si\u0119 kiesze\u0144 z&nbsp;podszewki; na tylnej \u015bcianie ma\u0142a kiesze\u0144 ze sk\u00f3ry na dokumenty lub karty.<\/p>\n<p>&nbsp;<\/p>\n<p style=\"text-align: center;\"><img loading=\"lazy\" decoding=\"async\" class=\"aligncenter wp-image-6453\" src=\"https:\/\/platabag.com\/wp-content\/uploads\/2023\/01\/poziomo-emily-1024x303.png\" alt=\"\" width=\"203\" height=\"60\" srcset=\"https:\/\/platabag.com\/wp-content\/uploads\/2023\/01\/poziomo-emily-1024x303.png 1024w, https:\/\/platabag.com\/wp-content\/uploads\/2023\/01\/poziomo-emily-300x89.png 300w, https:\/\/platabag.com\/wp-content\/uploads\/2023\/01\/poziomo-emily-768x227.png 768w, https:\/\/platabag.com\/wp-content\/uploads\/2023\/01\/poziomo-emily-18x5.png 18w, https:\/\/platabag.com\/wp-content\/uploads\/2023\/01\/poziomo-emily-1320x391.png 1320w, https:\/\/platabag.com\/wp-content\/uploads\/2023\/01\/poziomo-emily-450x133.png 450w, https:\/\/platabag.com\/wp-content\/uploads\/2023\/01\/poziomo-emily-800x237.png 800w, https:\/\/platabag.com\/wp-content\/uploads\/2023\/01\/poziomo-emily.png 1477w\" sizes=\"(max-width: 203px) 100vw, 203px\" \/> craftmade\u00a0 \u00a0 \u00a0 \u00a0 \u00a0natural leather<\/p>","protected":false},"featured_media":6543,"template":"","meta":{"inline_featured_image":false},"product_cat":[143],"product_tag":[],"woo-feed-brand":[],"class_list":{"0":"post-7304","1":"product","2":"type-product","3":"status-publish","4":"has-post-thumbnail","6":"product_cat-sample-sale","8":"first","9":"instock","10":"taxable","11":"shipping-taxable","12":"purchasable","13":"product-type-simple"},"_links":{"self":[{"href":"https:\/\/platabag.com\/pl\/wp-json\/wp\/v2\/product\/7304","targetHints":{"allow":["GET"]}}],"collection":[{"href":"https:\/\/platabag.com\/pl\/wp-json\/wp\/v2\/product"}],"about":[{"href":"https:\/\/platabag.com\/pl\/wp-json\/wp\/v2\/types\/product"}],"version-history":[{"count":2,"href":"https:\/\/platabag.com\/pl\/wp-json\/wp\/v2\/product\/7304\/revisions"}],"predecessor-version":[{"id":7358,"href":"https:\/\/platabag.com\/pl\/wp-json\/wp\/v2\/product\/7304\/revisions\/7358"}],"wp:featuredmedia":[{"embeddable":true,"href":"https:\/\/platabag.com\/pl\/wp-json\/wp\/v2\/media\/6543"}],"wp:attachment":[{"href":"https:\/\/platabag.com\/pl\/wp-json\/wp\/v2\/media?parent=7304"}],"wp:term":[{"taxonomy":"product_cat","embeddable":true,"href":"https:\/\/platabag.com\/pl\/wp-json\/wp\/v2\/product_cat?post=7304"},{"taxonomy":"product_tag","embeddable":true,"href":"https:\/\/platabag.com\/pl\/wp-json\/wp\/v2\/product_tag?post=7304"},{"taxonomy":"woo-feed-brand","embeddable":true,"href":"https:\/\/platabag.com\/pl\/wp-json\/wp\/v2\/woo-feed-brand?post=7304"}],"curies":[{"name":"wp","href":"https:\/\/api.w.org\/{rel}","templated":true}]}}