{"id":7271,"date":"2025-10-13T16:47:19","date_gmt":"2025-10-13T16:47:19","guid":{"rendered":"https:\/\/platabag.com\/?post_type=product&#038;p=7271"},"modified":"2025-11-24T21:53:06","modified_gmt":"2025-11-24T21:53:06","slug":"agnes-sample-sale-2","status":"publish","type":"product","link":"https:\/\/platabag.com\/pl\/shop\/agnes-sample-sale-2\/","title":{"rendered":"AGNES &#8211; Sample Sale"},"content":{"rendered":"<p><img decoding=\"async\" class=\"alignleft\" src=\"https:\/\/platabag.com\/wp-content\/uploads\/2023\/01\/yoga-strap-300x300.png\" alt=\"\" width=\"60\" height=\"60\" \/>Posiada 2 paski: okr\u0105g\u0142\u0105 r\u0105czk\u0119 oraz odpinany pasek na rami\u0119.<\/p>\n<p>&nbsp;<\/p>\n<p><img decoding=\"async\" class=\"alignleft\" src=\"https:\/\/platabag.com\/wp-content\/uploads\/2023\/01\/needle-e1672840246594-300x258.png\" alt=\"\" width=\"60\" height=\"52\" \/><\/p>\n<p>Ta torebka zosta\u0142a uszyta dla Ciebie w lokalnym zak\u0142adzie kaletniczym w Polsce.<\/p>\n<p>&nbsp;<\/p>\n<p><img decoding=\"async\" class=\"alignleft\" src=\"https:\/\/platabag.com\/wp-content\/uploads\/2023\/01\/leather-300x300.png\" alt=\"\" width=\"60\" height=\"60\" \/><\/p>\n<p>Stworzona z naturalnej sk\u00f3ry licowej z innowacyjnym wyko\u0144czeniem pow\u0142ok\u0105 hydrofobow\u0105.<\/p>\n<p>&nbsp;<\/p>\n<p style=\"text-align: center;\">Wewn\u0105trz zmie\u015bcisz:<\/p>\n<p style=\"text-align: center;\"><img loading=\"lazy\" decoding=\"async\" class=\"aligncenter\" src=\"https:\/\/platabag.com\/wp-content\/uploads\/2023\/01\/UcanFIT-F01-300x56.png\" alt=\"\" width=\"323\" height=\"60\" \/><\/p>\n<p style=\"text-align: center;\"><a href=\"https:\/\/platabag.com\/pl\/care\/\">Piel\u0119gnacja<\/a><\/p>\n<p style=\"text-align: center;\"><a href=\"https:\/\/platabag.com\/pl\/refund-and-returns\/\">Zwroty i Reklamacje<\/a><\/p>","protected":false},"excerpt":{"rendered":"<p>Model AGNES jest sk\u00f3rzan\u0105, eleganck\u0105 torebk\u0105 o\u00a0geometrycznym kszta\u0142cie trapezu. Wyj\u0105tkowa r\u0105czka, umocowana z\u00a0jednej strony z\u00a0przodu oraz z\u00a0drugiej z\u00a0ty\u0142u, nadaje torebce niepowtarzalny wygl\u0105d.\u00a0W&nbsp;\u015brodku znajduje si\u0119 kiesze\u0144 na zamek oraz dwie komory, jak r\u00f3wnie\u017c kiesze\u0144 na dokumenty na tylnej \u015bcianie. Do torebki do\u0142\u0105czony jest tak\u017ce dodatkowy d\u0142ugi pasek na rami\u0119.<\/p>\n<p>&nbsp;<\/p>\n<p><img loading=\"lazy\" decoding=\"async\" class=\"aligncenter wp-image-6436 size-medium\" src=\"https:\/\/platabag.com\/wp-content\/uploads\/2023\/01\/poziomo6-300x61.png\" alt=\"\" width=\"300\" height=\"61\" srcset=\"https:\/\/platabag.com\/wp-content\/uploads\/2023\/01\/poziomo6-300x61.png 300w, https:\/\/platabag.com\/wp-content\/uploads\/2023\/01\/poziomo6-1024x208.png 1024w, https:\/\/platabag.com\/wp-content\/uploads\/2023\/01\/poziomo6-768x156.png 768w, https:\/\/platabag.com\/wp-content\/uploads\/2023\/01\/poziomo6-1536x312.png 1536w, https:\/\/platabag.com\/wp-content\/uploads\/2023\/01\/poziomo6-2048x416.png 2048w, https:\/\/platabag.com\/wp-content\/uploads\/2023\/01\/poziomo6-18x4.png 18w, https:\/\/platabag.com\/wp-content\/uploads\/2023\/01\/poziomo6-1320x268.png 1320w, https:\/\/platabag.com\/wp-content\/uploads\/2023\/01\/poziomo6-450x91.png 450w, https:\/\/platabag.com\/wp-content\/uploads\/2023\/01\/poziomo6-800x162.png 800w\" sizes=\"(max-width: 300px) 100vw, 300px\" \/>\u00a0 \u00a0 \u00a0 \u00a0 \u00a0 \u00a0 \u00a0 \u00a0 \u00a0 \u00a0 \u00a0 \u00a0 \u00a0 \u00a0 \u00a0 \u00a0 \u00a0 \u00a0 \u00a0 \u00a0 \u00a0 \u00a0 \u00a0 \u00a0 \u00a0 \u00a0 \u00a0 \u00a0 \u00a0 \u00a0 \u00a0 \u00a0 \u00a0 \u00a0 \u00a0 \u00a0 \u00a0 \u00a0 \u00a0 \u00a0 \u00a0 \u00a0 \u00a0 \u00a0 \u00a0 \u00a0 \u00a0 \u00a0 \u00a0 \u00a0 \u00a0 \u00a0 \u00a0 \u00a0 \u00a0 \u00a0 \u00a0 \u00a0 \u00a0 \u00a0 \u00a0 \u00a0 \u00a0 \u00a0 \u00a0 \u00a0 \u00a0 \u00a0 \u00a0 \u00a0 \u00a0 \u00a0 \u00a0 \u00a0 \u00a0 \u00a0 \u00a0 \u00a0 \u00a0 \u00a0 \u00a0 \u00a0 \u00a0 \u00a0 \u00a0 \u00a0 \u00a0 \u00a0 \u00a0 \u00a0 \u00a0 \u00a0 \u00a0 \u00a0 \u00a0 \u00a0 \u00a0 \u00a0 \u00a0 \u00a0 \u00a0 2 straps\u00a0 \u00a0 \u00a0 \u00a0 \u00a0craftmade\u00a0 \u00a0 \u00a0 \u00a0natural leather<\/p>","protected":false},"featured_media":6549,"template":"","meta":{"inline_featured_image":false},"product_cat":[143],"product_tag":[],"woo-feed-brand":[],"class_list":{"0":"post-7271","1":"product","2":"type-product","3":"status-publish","4":"has-post-thumbnail","6":"product_cat-sample-sale","8":"first","9":"instock","10":"taxable","11":"shipping-taxable","12":"purchasable","13":"product-type-simple"},"_links":{"self":[{"href":"https:\/\/platabag.com\/pl\/wp-json\/wp\/v2\/product\/7271","targetHints":{"allow":["GET"]}}],"collection":[{"href":"https:\/\/platabag.com\/pl\/wp-json\/wp\/v2\/product"}],"about":[{"href":"https:\/\/platabag.com\/pl\/wp-json\/wp\/v2\/types\/product"}],"version-history":[{"count":8,"href":"https:\/\/platabag.com\/pl\/wp-json\/wp\/v2\/product\/7271\/revisions"}],"predecessor-version":[{"id":7276,"href":"https:\/\/platabag.com\/pl\/wp-json\/wp\/v2\/product\/7271\/revisions\/7276"}],"wp:featuredmedia":[{"embeddable":true,"href":"https:\/\/platabag.com\/pl\/wp-json\/wp\/v2\/media\/6549"}],"wp:attachment":[{"href":"https:\/\/platabag.com\/pl\/wp-json\/wp\/v2\/media?parent=7271"}],"wp:term":[{"taxonomy":"product_cat","embeddable":true,"href":"https:\/\/platabag.com\/pl\/wp-json\/wp\/v2\/product_cat?post=7271"},{"taxonomy":"product_tag","embeddable":true,"href":"https:\/\/platabag.com\/pl\/wp-json\/wp\/v2\/product_tag?post=7271"},{"taxonomy":"woo-feed-brand","embeddable":true,"href":"https:\/\/platabag.com\/pl\/wp-json\/wp\/v2\/woo-feed-brand?post=7271"}],"curies":[{"name":"wp","href":"https:\/\/api.w.org\/{rel}","templated":true}]}}