{"id":7122,"date":"2025-01-23T02:49:05","date_gmt":"2025-01-23T02:49:05","guid":{"rendered":"https:\/\/platabag.com\/?post_type=product&#038;p=7122"},"modified":"2025-10-07T20:55:52","modified_gmt":"2025-10-07T20:55:52","slug":"shop-banner-6","status":"publish","type":"product","link":"https:\/\/platabag.com\/pl\/shop\/shop-banner-6\/","title":{"rendered":"K\u00c4THE"},"content":{"rendered":"<div data-elementor-type=\"wp-post\" data-elementor-id=\"7122\" class=\"elementor elementor-7122\">\n\t\t\t\t\t\t<section class=\"elementor-section elementor-top-section elementor-element elementor-element-74e0ad8 elementor-section-boxed elementor-section-height-default elementor-section-height-default\" data-id=\"74e0ad8\" data-element_type=\"section\">\n\t\t\t\t\t\t<div class=\"elementor-container elementor-column-gap-default\">\n\t\t\t\t\t<div class=\"elementor-column elementor-col-100 elementor-top-column elementor-element elementor-element-31454766\" data-id=\"31454766\" data-element_type=\"column\">\n\t\t\t<div class=\"elementor-widget-wrap elementor-element-populated\">\n\t\t\t\t\t\t<div class=\"elementor-element elementor-element-189d9e31 elementor-widget elementor-widget-text-editor\" data-id=\"189d9e31\" data-element_type=\"widget\" data-widget_type=\"text-editor.default\">\n\t\t\t\t<div class=\"elementor-widget-container\">\n\t\t\t\t\t\t\t\t\t<img decoding=\"async\" class=\"wp-image-6318 alignleft\" src=\"https:\/\/platabag.com\/wp-content\/uploads\/2023\/01\/needle-e1672840246594-300x258.png\" alt=\"\" width=\"60\" height=\"52\" srcset=\"https:\/\/platabag.com\/wp-content\/uploads\/2023\/01\/needle-e1672840246594-300x258.png 300w, https:\/\/platabag.com\/wp-content\/uploads\/2023\/01\/needle-e1672840246594-14x12.png 14w, https:\/\/platabag.com\/wp-content\/uploads\/2023\/01\/needle-e1672840246594-450x388.png 450w, https:\/\/platabag.com\/wp-content\/uploads\/2023\/01\/needle-e1672840246594.png 512w\" sizes=\"(max-width: 60px) 100vw, 60px\" \/>Ta torebka zosta\u0142a uszyta dla Ciebie w lokalnym zak\u0142adzie kaletniczym w Polsce.\r\n\r\n&nbsp;\r\n\r\n<img decoding=\"async\" class=\"wp-image-6344 alignleft\" src=\"https:\/\/platabag.com\/wp-content\/uploads\/2023\/01\/leather-300x300.png\" alt=\"\" width=\"60\" height=\"60\" srcset=\"https:\/\/platabag.com\/wp-content\/uploads\/2023\/01\/leather-300x300.png 300w, https:\/\/platabag.com\/wp-content\/uploads\/2023\/01\/leather-150x150.png 150w, https:\/\/platabag.com\/wp-content\/uploads\/2023\/01\/leather-12x12.png 12w, https:\/\/platabag.com\/wp-content\/uploads\/2023\/01\/leather-450x450.png 450w, https:\/\/platabag.com\/wp-content\/uploads\/2023\/01\/leather-100x100.png 100w, https:\/\/platabag.com\/wp-content\/uploads\/2023\/01\/leather-50x50.png 50w, https:\/\/platabag.com\/wp-content\/uploads\/2023\/01\/leather-460x460.png 460w, https:\/\/platabag.com\/wp-content\/uploads\/2023\/01\/leather.png 512w\" sizes=\"(max-width: 60px) 100vw, 60px\" \/>\r\n\r\nStworzona z naturalnej sk\u00f3ry licowej.\r\n\r\n&nbsp;\r\n<p style=\"text-align: center;\">Wewn\u0105trz zmie\u015bcisz:<\/p>\r\n<p style=\"text-align: center;\"><img decoding=\"async\" class=\"aligncenter wp-image-6265\" src=\"https:\/\/platabag.com\/wp-content\/uploads\/2023\/01\/UcanFIT-F10-1-1024x160.png\" alt=\"\" width=\"447\" height=\"70\" srcset=\"https:\/\/platabag.com\/wp-content\/uploads\/2023\/01\/UcanFIT-F10-1-1024x160.png 1024w, https:\/\/platabag.com\/wp-content\/uploads\/2023\/01\/UcanFIT-F10-1-300x47.png 300w, https:\/\/platabag.com\/wp-content\/uploads\/2023\/01\/UcanFIT-F10-1-768x120.png 768w, https:\/\/platabag.com\/wp-content\/uploads\/2023\/01\/UcanFIT-F10-1-1536x240.png 1536w, https:\/\/platabag.com\/wp-content\/uploads\/2023\/01\/UcanFIT-F10-1-2048x320.png 2048w, https:\/\/platabag.com\/wp-content\/uploads\/2023\/01\/UcanFIT-F10-1-18x3.png 18w, https:\/\/platabag.com\/wp-content\/uploads\/2023\/01\/UcanFIT-F10-1-1320x206.png 1320w, https:\/\/platabag.com\/wp-content\/uploads\/2023\/01\/UcanFIT-F10-1-450x70.png 450w, https:\/\/platabag.com\/wp-content\/uploads\/2023\/01\/UcanFIT-F10-1-800x125.png 800w\" sizes=\"(max-width: 447px) 100vw, 447px\" \/><\/p>\r\n&nbsp;\r\n<p style=\"text-align: center;\"><a href=\"https:\/\/platabag.com\/pl\/care\/\">Piel\u0119gnacja<\/a><\/p>\r\n<p style=\"text-align: center;\"><a href=\"https:\/\/platabag.com\/pl\/refund-and-returns\/\"><span class=\"elementor-icon-list-text\">Zwroty i Reklamacje<\/span><\/a><\/p>\t\t\t\t\t\t\t\t<\/div>\n\t\t\t\t<\/div>\n\t\t\t\t\t<\/div>\n\t\t<\/div>\n\t\t\t\t\t<\/div>\n\t\t<\/section>\n\t\t\t\t<section class=\"elementor-section elementor-top-section elementor-element elementor-element-5fae102 elementor-section-boxed elementor-section-height-default elementor-section-height-default\" data-id=\"5fae102\" data-element_type=\"section\">\n\t\t\t\t\t\t<div class=\"elementor-container elementor-column-gap-default\">\n\t\t\t\t\t<div class=\"elementor-column elementor-col-100 elementor-top-column elementor-element elementor-element-6ac3c01\" data-id=\"6ac3c01\" data-element_type=\"column\">\n\t\t\t<div class=\"elementor-widget-wrap elementor-element-populated\">\n\t\t\t\t\t\t\t<\/div>\n\t\t<\/div>\n\t\t\t\t\t<\/div>\n\t\t<\/section>\n\t\t\t\t<\/div>","protected":false},"excerpt":{"rendered":"<p>Torebka K\u00c4THE \u2013 subtelny minimalizm i ponadczasowa elegancja.<\/p>\n<p>Torba K\u00c4THE to esencja minimalistycznego designu. Prosta forma w stylu worka zosta\u0142a starannie zaprojektowana, aby sprosta\u0107 oczekiwaniom mi\u0142o\u015bniczek klasycznej elegancji. Wykonana z najwy\u017cszej jako\u015bci, mi\u0119kkiej sk\u00f3ry licowej, doskonale harmonizuje zar\u00f3wno z codziennymi, jak i wyszukanymi stylizacjami.<\/p>\n<p>Wyj\u0105tkowy charakter torby podkre\u015blaj\u0105 oryginalne uszy: jedno d\u0142u\u017csze, kt\u00f3re mo\u017cna stylowo prze\u0142o\u017cy\u0107 przez kr\u00f3tsze, umo\u017cliwiaj\u0105c noszenie w d\u0142oni lub na nadgarstku. Subtelne detale, takie jak delikatne przeszycia i brak zb\u0119dnych ozdobnik\u00f3w, podkre\u015blaj\u0105 minimalistyczny styl.<\/p>\n<p>We wn\u0119trzu zaprojektowano kiesze\u0144 z podszewki, idealn\u0105 na drobiazgi lub dokumenty.<\/p>","protected":false},"featured_media":7117,"template":"","meta":{"inline_featured_image":false},"product_cat":[15,54,111],"product_tag":[],"woo-feed-brand":[],"class_list":{"0":"post-7122","1":"product","2":"type-product","3":"status-publish","4":"has-post-thumbnail","6":"product_brand-plata-bags","7":"product_cat-bags","8":"product_cat-handbags","9":"product_cat-kathe","11":"first","12":"onbackorder","13":"taxable","14":"shipping-taxable","15":"purchasable","16":"product-type-simple"},"_links":{"self":[{"href":"https:\/\/platabag.com\/pl\/wp-json\/wp\/v2\/product\/7122","targetHints":{"allow":["GET"]}}],"collection":[{"href":"https:\/\/platabag.com\/pl\/wp-json\/wp\/v2\/product"}],"about":[{"href":"https:\/\/platabag.com\/pl\/wp-json\/wp\/v2\/types\/product"}],"version-history":[{"count":13,"href":"https:\/\/platabag.com\/pl\/wp-json\/wp\/v2\/product\/7122\/revisions"}],"predecessor-version":[{"id":7135,"href":"https:\/\/platabag.com\/pl\/wp-json\/wp\/v2\/product\/7122\/revisions\/7135"}],"wp:featuredmedia":[{"embeddable":true,"href":"https:\/\/platabag.com\/pl\/wp-json\/wp\/v2\/media\/7117"}],"wp:attachment":[{"href":"https:\/\/platabag.com\/pl\/wp-json\/wp\/v2\/media?parent=7122"}],"wp:term":[{"taxonomy":"product_cat","embeddable":true,"href":"https:\/\/platabag.com\/pl\/wp-json\/wp\/v2\/product_cat?post=7122"},{"taxonomy":"product_tag","embeddable":true,"href":"https:\/\/platabag.com\/pl\/wp-json\/wp\/v2\/product_tag?post=7122"},{"taxonomy":"woo-feed-brand","embeddable":true,"href":"https:\/\/platabag.com\/pl\/wp-json\/wp\/v2\/woo-feed-brand?post=7122"}],"curies":[{"name":"wp","href":"https:\/\/api.w.org\/{rel}","templated":true}]}}