{"id":6986,"date":"2024-06-23T10:47:32","date_gmt":"2024-06-23T10:47:32","guid":{"rendered":"https:\/\/platabag.com\/?post_type=product&#038;p=6986"},"modified":"2025-11-26T05:41:33","modified_gmt":"2025-11-26T05:41:33","slug":"leather-handbag-frida-in-beige","status":"publish","type":"product","link":"https:\/\/platabag.com\/pl\/shop\/leather-handbag-frida-in-beige\/","title":{"rendered":"FRIDA"},"content":{"rendered":"<p><img decoding=\"async\" class=\"alignleft wp-image-6437\" src=\"https:\/\/platabag.com\/wp-content\/uploads\/2023\/01\/yoga-strap-300x300.png\" alt=\"\" width=\"60\" height=\"60\" srcset=\"https:\/\/platabag.com\/wp-content\/uploads\/2023\/01\/yoga-strap-300x300.png 300w, https:\/\/platabag.com\/wp-content\/uploads\/2023\/01\/yoga-strap-150x150.png 150w, https:\/\/platabag.com\/wp-content\/uploads\/2023\/01\/yoga-strap-12x12.png 12w, https:\/\/platabag.com\/wp-content\/uploads\/2023\/01\/yoga-strap-450x450.png 450w, https:\/\/platabag.com\/wp-content\/uploads\/2023\/01\/yoga-strap-100x100.png 100w, https:\/\/platabag.com\/wp-content\/uploads\/2023\/01\/yoga-strap-50x50.png 50w, https:\/\/platabag.com\/wp-content\/uploads\/2023\/01\/yoga-strap-460x460.png 460w, https:\/\/platabag.com\/wp-content\/uploads\/2023\/01\/yoga-strap.png 512w\" sizes=\"(max-width: 60px) 100vw, 60px\" \/>There are 2 detachable straps with 3 adjustable positions: a flat hand strap, a flat shoulder strap, and a side strap.<\/p>\n<p>&nbsp;<\/p>\n<p><img decoding=\"async\" class=\"wp-image-6318 alignleft\" src=\"https:\/\/platabag.com\/wp-content\/uploads\/2023\/01\/needle-e1672840246594-300x258.png\" alt=\"\" width=\"60\" height=\"52\" srcset=\"https:\/\/platabag.com\/wp-content\/uploads\/2023\/01\/needle-e1672840246594-300x258.png 300w, https:\/\/platabag.com\/wp-content\/uploads\/2023\/01\/needle-e1672840246594-14x12.png 14w, https:\/\/platabag.com\/wp-content\/uploads\/2023\/01\/needle-e1672840246594-450x388.png 450w, https:\/\/platabag.com\/wp-content\/uploads\/2023\/01\/needle-e1672840246594.png 512w\" sizes=\"(max-width: 60px) 100vw, 60px\" \/><\/p>\n<p>Ta torebka zosta\u0142a uszyta dla Ciebie w lokalnym zak\u0142adzie kaletniczym w Polsce.<\/p>\n<p>&nbsp;<\/p>\n<p><img decoding=\"async\" class=\"wp-image-6344 alignleft\" src=\"https:\/\/platabag.com\/wp-content\/uploads\/2023\/01\/leather-300x300.png\" alt=\"\" width=\"60\" height=\"60\" srcset=\"https:\/\/platabag.com\/wp-content\/uploads\/2023\/01\/leather-300x300.png 300w, https:\/\/platabag.com\/wp-content\/uploads\/2023\/01\/leather-150x150.png 150w, https:\/\/platabag.com\/wp-content\/uploads\/2023\/01\/leather-12x12.png 12w, https:\/\/platabag.com\/wp-content\/uploads\/2023\/01\/leather-450x450.png 450w, https:\/\/platabag.com\/wp-content\/uploads\/2023\/01\/leather-100x100.png 100w, https:\/\/platabag.com\/wp-content\/uploads\/2023\/01\/leather-50x50.png 50w, https:\/\/platabag.com\/wp-content\/uploads\/2023\/01\/leather-460x460.png 460w, https:\/\/platabag.com\/wp-content\/uploads\/2023\/01\/leather.png 512w\" sizes=\"(max-width: 60px) 100vw, 60px\" \/><\/p>\n<p>Stworzona z naturalnej sk\u00f3ry licowej z innowacyjnym wyko\u0144czeniem pow\u0142ok\u0105 hydrofobow\u0105.<\/p>\n<p>&nbsp;<\/p>\n<p style=\"text-align: center;\">Wewn\u0105trz zmie\u015bcisz:<\/p>\n<p><img loading=\"lazy\" decoding=\"async\" class=\"wp-image-6211 aligncenter\" src=\"https:\/\/platabag.com\/wp-content\/uploads\/2023\/01\/UcanFIT-F01-300x56.png\" alt=\"\" width=\"323\" height=\"60\" srcset=\"https:\/\/platabag.com\/wp-content\/uploads\/2023\/01\/UcanFIT-F01-300x56.png 300w, https:\/\/platabag.com\/wp-content\/uploads\/2023\/01\/UcanFIT-F01-1024x190.png 1024w, https:\/\/platabag.com\/wp-content\/uploads\/2023\/01\/UcanFIT-F01-768x143.png 768w, https:\/\/platabag.com\/wp-content\/uploads\/2023\/01\/UcanFIT-F01-1536x286.png 1536w, https:\/\/platabag.com\/wp-content\/uploads\/2023\/01\/UcanFIT-F01-2048x381.png 2048w, https:\/\/platabag.com\/wp-content\/uploads\/2023\/01\/UcanFIT-F01-18x3.png 18w, https:\/\/platabag.com\/wp-content\/uploads\/2023\/01\/UcanFIT-F01-1320x246.png 1320w, https:\/\/platabag.com\/wp-content\/uploads\/2023\/01\/UcanFIT-F01-450x84.png 450w, https:\/\/platabag.com\/wp-content\/uploads\/2023\/01\/UcanFIT-F01-800x149.png 800w\" sizes=\"(max-width: 323px) 100vw, 323px\" \/><\/p>\n<p>&nbsp;<\/p>\n<p style=\"text-align: center;\"><a href=\"https:\/\/platabag.com\/pl\/care\/\">Piel\u0119gnacja<\/a><\/p>\n<p style=\"text-align: center;\"><a href=\"https:\/\/platabag.com\/pl\/refund-and-returns\/\"><span class=\"elementor-icon-list-text\">Zwroty i Reklamacje<\/span><\/a><\/p>","protected":false},"excerpt":{"rendered":"<p>Torebka FRIDA, wykonana z doskona\u0142ej be\u017cowej sk\u00f3ry, uciele\u015bnia wyrafinowane rzemios\u0142o i artystyczny design. Jej okr\u0105g\u0142e dno i elegancko pochylona g\u00f3ra tworz\u0105 harmonijn\u0105 kompozycj\u0119 formy i funkcji. Wyd\u0142u\u017cony kr\u00f3tki uchwyt zapewnia zr\u00f3wnowa\u017cone proporcje, podkre\u015blaj\u0105c zar\u00f3wno funkcjonalno\u015b\u0107, jak i estetyk\u0119. Wewn\u0105trz znajduje si\u0119 zamykana na zamek kiesze\u0144, kt\u00f3ra dzieli wn\u0119trze na dwa przedzia\u0142y, uzupe\u0142niona dedykowanym miejscem na karty i dokumenty. FRIDA posiada dwa odpinane paski, kt\u00f3re mo\u017cna regulowa\u0107 w trzech pozycjach: jako p\u0142aski uchwyt do r\u0119ki, p\u0142aski pasek na rami\u0119 oraz pasek boczny.<\/p>\n<p>&nbsp;<\/p>\n<p><img loading=\"lazy\" decoding=\"async\" class=\"aligncenter wp-image-6436\" src=\"https:\/\/platabag.com\/wp-content\/uploads\/2023\/01\/poziomo6-300x61.png\" alt=\"\" width=\"296\" height=\"60\" srcset=\"https:\/\/platabag.com\/wp-content\/uploads\/2023\/01\/poziomo6-300x61.png 300w, https:\/\/platabag.com\/wp-content\/uploads\/2023\/01\/poziomo6-1024x208.png 1024w, https:\/\/platabag.com\/wp-content\/uploads\/2023\/01\/poziomo6-768x156.png 768w, https:\/\/platabag.com\/wp-content\/uploads\/2023\/01\/poziomo6-1536x312.png 1536w, https:\/\/platabag.com\/wp-content\/uploads\/2023\/01\/poziomo6-2048x416.png 2048w, https:\/\/platabag.com\/wp-content\/uploads\/2023\/01\/poziomo6-18x4.png 18w, https:\/\/platabag.com\/wp-content\/uploads\/2023\/01\/poziomo6-1320x268.png 1320w, https:\/\/platabag.com\/wp-content\/uploads\/2023\/01\/poziomo6-450x91.png 450w, https:\/\/platabag.com\/wp-content\/uploads\/2023\/01\/poziomo6-800x162.png 800w\" sizes=\"(max-width: 296px) 100vw, 296px\" \/><\/p>\n<p style=\"text-align: center;\">3 paski\u00a0\u00a0\u00a0\u00a0\u00a0 \u00a0\u00a0\u00a0craftmade\u00a0\u00a0\u00a0\u00a0\u00a0\u00a0\u00a0\u00a0naturalna sk\u00f3ra<\/p>","protected":false},"featured_media":6981,"template":"","meta":{"inline_featured_image":false},"product_cat":[15,112,54],"product_tag":[116,120,121,124,118,119,117,115,122,123],"woo-feed-brand":[],"class_list":{"0":"post-6986","1":"product","2":"type-product","3":"status-publish","4":"has-post-thumbnail","6":"product_brand-plata-bags","7":"product_cat-bags","8":"product_cat-frida","9":"product_cat-handbags","10":"product_tag-beige-leather-handbag","11":"product_tag-detachable-straps","12":"product_tag-elegant-design","13":"product_tag-exclusive-collection","14":"product_tag-handcrafted-in-poland","15":"product_tag-luxury-fashion","16":"product_tag-natural-leather","17":"product_tag-polish-luxury-handbag","18":"product_tag-premium-quality","19":"product_tag-sophisticated-style","21":"first","22":"instock","23":"taxable","24":"shipping-taxable","25":"purchasable","26":"product-type-simple"},"_links":{"self":[{"href":"https:\/\/platabag.com\/pl\/wp-json\/wp\/v2\/product\/6986","targetHints":{"allow":["GET"]}}],"collection":[{"href":"https:\/\/platabag.com\/pl\/wp-json\/wp\/v2\/product"}],"about":[{"href":"https:\/\/platabag.com\/pl\/wp-json\/wp\/v2\/types\/product"}],"version-history":[{"count":3,"href":"https:\/\/platabag.com\/pl\/wp-json\/wp\/v2\/product\/6986\/revisions"}],"predecessor-version":[{"id":7048,"href":"https:\/\/platabag.com\/pl\/wp-json\/wp\/v2\/product\/6986\/revisions\/7048"}],"wp:featuredmedia":[{"embeddable":true,"href":"https:\/\/platabag.com\/pl\/wp-json\/wp\/v2\/media\/6981"}],"wp:attachment":[{"href":"https:\/\/platabag.com\/pl\/wp-json\/wp\/v2\/media?parent=6986"}],"wp:term":[{"taxonomy":"product_cat","embeddable":true,"href":"https:\/\/platabag.com\/pl\/wp-json\/wp\/v2\/product_cat?post=6986"},{"taxonomy":"product_tag","embeddable":true,"href":"https:\/\/platabag.com\/pl\/wp-json\/wp\/v2\/product_tag?post=6986"},{"taxonomy":"woo-feed-brand","embeddable":true,"href":"https:\/\/platabag.com\/pl\/wp-json\/wp\/v2\/woo-feed-brand?post=6986"}],"curies":[{"name":"wp","href":"https:\/\/api.w.org\/{rel}","templated":true}]}}