{"id":6307,"date":"2023-01-04T14:26:09","date_gmt":"2023-01-04T14:26:09","guid":{"rendered":"https:\/\/platabag.com\/?post_type=product&#038;p=6307"},"modified":"2025-10-07T20:55:54","modified_gmt":"2025-10-07T20:55:54","slug":"shop-banner-3","status":"publish","type":"product","link":"https:\/\/platabag.com\/pl\/shop\/shop-banner-3\/","title":{"rendered":"FRIDA"},"content":{"rendered":"<p><img decoding=\"async\" class=\"alignleft wp-image-6437\" src=\"https:\/\/platabag.com\/wp-content\/uploads\/2023\/01\/yoga-strap-300x300.png\" alt=\"\" width=\"60\" height=\"60\" srcset=\"https:\/\/platabag.com\/wp-content\/uploads\/2023\/01\/yoga-strap-300x300.png 300w, https:\/\/platabag.com\/wp-content\/uploads\/2023\/01\/yoga-strap-150x150.png 150w, https:\/\/platabag.com\/wp-content\/uploads\/2023\/01\/yoga-strap-12x12.png 12w, https:\/\/platabag.com\/wp-content\/uploads\/2023\/01\/yoga-strap-450x450.png 450w, https:\/\/platabag.com\/wp-content\/uploads\/2023\/01\/yoga-strap-100x100.png 100w, https:\/\/platabag.com\/wp-content\/uploads\/2023\/01\/yoga-strap-50x50.png 50w, https:\/\/platabag.com\/wp-content\/uploads\/2023\/01\/yoga-strap-460x460.png 460w, https:\/\/platabag.com\/wp-content\/uploads\/2023\/01\/yoga-strap.png 512w\" sizes=\"(max-width: 60px) 100vw, 60px\" \/>W zestawie 3 odpinane paski: p\u0142aski pasek do r\u0119ki; szeroka r\u0105czka oraz p\u0142aski pasek na rami\u0119.<\/p>\n<p>&nbsp;<\/p>\n<p><img decoding=\"async\" class=\"wp-image-6318 alignleft\" src=\"https:\/\/platabag.com\/wp-content\/uploads\/2023\/01\/needle-e1672840246594-300x258.png\" alt=\"\" width=\"60\" height=\"52\" srcset=\"https:\/\/platabag.com\/wp-content\/uploads\/2023\/01\/needle-e1672840246594-300x258.png 300w, https:\/\/platabag.com\/wp-content\/uploads\/2023\/01\/needle-e1672840246594-14x12.png 14w, https:\/\/platabag.com\/wp-content\/uploads\/2023\/01\/needle-e1672840246594-450x388.png 450w, https:\/\/platabag.com\/wp-content\/uploads\/2023\/01\/needle-e1672840246594.png 512w\" sizes=\"(max-width: 60px) 100vw, 60px\" \/><\/p>\n<p>Ta torebka zosta\u0142a uszyta dla Ciebie w lokalnym zak\u0142adzie kaletniczym w Polsce.<\/p>\n<p>&nbsp;<\/p>\n<p><img decoding=\"async\" class=\"wp-image-6344 alignleft\" src=\"https:\/\/platabag.com\/wp-content\/uploads\/2023\/01\/leather-300x300.png\" alt=\"\" width=\"60\" height=\"60\" srcset=\"https:\/\/platabag.com\/wp-content\/uploads\/2023\/01\/leather-300x300.png 300w, https:\/\/platabag.com\/wp-content\/uploads\/2023\/01\/leather-150x150.png 150w, https:\/\/platabag.com\/wp-content\/uploads\/2023\/01\/leather-12x12.png 12w, https:\/\/platabag.com\/wp-content\/uploads\/2023\/01\/leather-450x450.png 450w, https:\/\/platabag.com\/wp-content\/uploads\/2023\/01\/leather-100x100.png 100w, https:\/\/platabag.com\/wp-content\/uploads\/2023\/01\/leather-50x50.png 50w, https:\/\/platabag.com\/wp-content\/uploads\/2023\/01\/leather-460x460.png 460w, https:\/\/platabag.com\/wp-content\/uploads\/2023\/01\/leather.png 512w\" sizes=\"(max-width: 60px) 100vw, 60px\" \/><\/p>\n<p>Stworzona z naturalnej sk\u00f3ry licowej z innowacyjnym wyko\u0144czeniem pow\u0142ok\u0105 hydrofobow\u0105.<\/p>\n<p>&nbsp;<\/p>\n<p style=\"text-align: center;\">Wewn\u0105trz zmie\u015bcisz:<\/p>\n<p><img loading=\"lazy\" decoding=\"async\" class=\"wp-image-6211 aligncenter\" src=\"https:\/\/platabag.com\/wp-content\/uploads\/2023\/01\/UcanFIT-F01-300x56.png\" alt=\"\" width=\"323\" height=\"60\" srcset=\"https:\/\/platabag.com\/wp-content\/uploads\/2023\/01\/UcanFIT-F01-300x56.png 300w, https:\/\/platabag.com\/wp-content\/uploads\/2023\/01\/UcanFIT-F01-1024x190.png 1024w, https:\/\/platabag.com\/wp-content\/uploads\/2023\/01\/UcanFIT-F01-768x143.png 768w, https:\/\/platabag.com\/wp-content\/uploads\/2023\/01\/UcanFIT-F01-1536x286.png 1536w, https:\/\/platabag.com\/wp-content\/uploads\/2023\/01\/UcanFIT-F01-2048x381.png 2048w, https:\/\/platabag.com\/wp-content\/uploads\/2023\/01\/UcanFIT-F01-18x3.png 18w, https:\/\/platabag.com\/wp-content\/uploads\/2023\/01\/UcanFIT-F01-1320x246.png 1320w, https:\/\/platabag.com\/wp-content\/uploads\/2023\/01\/UcanFIT-F01-450x84.png 450w, https:\/\/platabag.com\/wp-content\/uploads\/2023\/01\/UcanFIT-F01-800x149.png 800w\" sizes=\"(max-width: 323px) 100vw, 323px\" \/><\/p>\n<p>&nbsp;<\/p>\n<p style=\"text-align: center;\"><a href=\"https:\/\/platabag.com\/pl\/care\/\">Piel\u0119gnacja<\/a><\/p>\n<p style=\"text-align: center;\"><a href=\"https:\/\/platabag.com\/pl\/refund-and-returns\/\"><span class=\"elementor-icon-list-text\">Zwroty i Reklamacje<\/span><\/a><\/p>\n<p>&nbsp;<\/p>\n<p>&nbsp;<\/p>\n<p>&nbsp;<\/p>","protected":false},"excerpt":{"rendered":"<p>There are 3 detachable straps: flat hand strap; wide handle; flat shoulder strap. &nbsp; This handbag is sewn for You in a local leathercraft factory in Poland. &nbsp; Made of natural grain leather with an innovative finish with hydrophobic\u00a0coating. &nbsp; You can fit inside: &nbsp; Care Refund &amp; Returns &nbsp; &nbsp; &nbsp;<\/p>","protected":false},"featured_media":6668,"template":"","meta":{"inline_featured_image":false},"product_cat":[15,112,54],"product_tag":[],"woo-feed-brand":[],"class_list":{"0":"post-6307","1":"product","2":"type-product","3":"status-publish","4":"has-post-thumbnail","6":"product_brand-plata-bags","7":"product_cat-bags","8":"product_cat-frida","9":"product_cat-handbags","11":"first","12":"instock","13":"taxable","14":"shipping-taxable","15":"purchasable","16":"product-type-simple"},"_links":{"self":[{"href":"https:\/\/platabag.com\/pl\/wp-json\/wp\/v2\/product\/6307","targetHints":{"allow":["GET"]}}],"collection":[{"href":"https:\/\/platabag.com\/pl\/wp-json\/wp\/v2\/product"}],"about":[{"href":"https:\/\/platabag.com\/pl\/wp-json\/wp\/v2\/types\/product"}],"version-history":[{"count":25,"href":"https:\/\/platabag.com\/pl\/wp-json\/wp\/v2\/product\/6307\/revisions"}],"predecessor-version":[{"id":7074,"href":"https:\/\/platabag.com\/pl\/wp-json\/wp\/v2\/product\/6307\/revisions\/7074"}],"wp:featuredmedia":[{"embeddable":true,"href":"https:\/\/platabag.com\/pl\/wp-json\/wp\/v2\/media\/6668"}],"wp:attachment":[{"href":"https:\/\/platabag.com\/pl\/wp-json\/wp\/v2\/media?parent=6307"}],"wp:term":[{"taxonomy":"product_cat","embeddable":true,"href":"https:\/\/platabag.com\/pl\/wp-json\/wp\/v2\/product_cat?post=6307"},{"taxonomy":"product_tag","embeddable":true,"href":"https:\/\/platabag.com\/pl\/wp-json\/wp\/v2\/product_tag?post=6307"},{"taxonomy":"woo-feed-brand","embeddable":true,"href":"https:\/\/platabag.com\/pl\/wp-json\/wp\/v2\/woo-feed-brand?post=6307"}],"curies":[{"name":"wp","href":"https:\/\/api.w.org\/{rel}","templated":true}]}}