{"id":6273,"date":"2023-01-03T13:37:49","date_gmt":"2023-01-03T13:37:49","guid":{"rendered":"https:\/\/platabag.com\/?post_type=product&#038;p=6273"},"modified":"2025-11-25T22:31:15","modified_gmt":"2025-11-25T22:31:15","slug":"leather-handbag-leonor-crocodile","status":"publish","type":"product","link":"https:\/\/platabag.com\/pl\/shop\/leather-handbag-leonor-crocodile\/","title":{"rendered":"LEONOR &#8220;crocodile&#8221;"},"content":{"rendered":"<p><img decoding=\"async\" class=\"alignleft wp-image-6437\" src=\"https:\/\/platabag.com\/wp-content\/uploads\/2023\/01\/yoga-strap-300x300.png\" alt=\"\" width=\"60\" height=\"60\" srcset=\"https:\/\/platabag.com\/wp-content\/uploads\/2023\/01\/yoga-strap-300x300.png 300w, https:\/\/platabag.com\/wp-content\/uploads\/2023\/01\/yoga-strap-150x150.png 150w, https:\/\/platabag.com\/wp-content\/uploads\/2023\/01\/yoga-strap-12x12.png 12w, https:\/\/platabag.com\/wp-content\/uploads\/2023\/01\/yoga-strap-450x450.png 450w, https:\/\/platabag.com\/wp-content\/uploads\/2023\/01\/yoga-strap-100x100.png 100w, https:\/\/platabag.com\/wp-content\/uploads\/2023\/01\/yoga-strap-50x50.png 50w, https:\/\/platabag.com\/wp-content\/uploads\/2023\/01\/yoga-strap-460x460.png 460w, https:\/\/platabag.com\/wp-content\/uploads\/2023\/01\/yoga-strap.png 512w\" sizes=\"(max-width: 60px) 100vw, 60px\" \/>W zestawie 3  odpinane paski: p\u0142aski do r\u0119ki; okr\u0105g\u0142a r\u0105czka oraz p\u0142aski na rami\u0119.<\/p>\n<p>&nbsp;<\/p>\n<p><img decoding=\"async\" class=\"wp-image-6318 alignleft\" src=\"https:\/\/platabag.com\/wp-content\/uploads\/2023\/01\/needle-e1672840246594-300x258.png\" alt=\"\" width=\"60\" height=\"52\" srcset=\"https:\/\/platabag.com\/wp-content\/uploads\/2023\/01\/needle-e1672840246594-300x258.png 300w, https:\/\/platabag.com\/wp-content\/uploads\/2023\/01\/needle-e1672840246594-14x12.png 14w, https:\/\/platabag.com\/wp-content\/uploads\/2023\/01\/needle-e1672840246594-450x388.png 450w, https:\/\/platabag.com\/wp-content\/uploads\/2023\/01\/needle-e1672840246594.png 512w\" sizes=\"(max-width: 60px) 100vw, 60px\" \/><\/p>\n<p>Ta torebka zosta\u0142a uszyta dla Ciebie w lokalnym zak\u0142adzie kaletniczym w Polsce.<\/p>\n<p>&nbsp;<\/p>\n<p><img decoding=\"async\" class=\"wp-image-6344 alignleft\" src=\"https:\/\/platabag.com\/wp-content\/uploads\/2023\/01\/leather-300x300.png\" alt=\"\" width=\"60\" height=\"60\" srcset=\"https:\/\/platabag.com\/wp-content\/uploads\/2023\/01\/leather-300x300.png 300w, https:\/\/platabag.com\/wp-content\/uploads\/2023\/01\/leather-150x150.png 150w, https:\/\/platabag.com\/wp-content\/uploads\/2023\/01\/leather-12x12.png 12w, https:\/\/platabag.com\/wp-content\/uploads\/2023\/01\/leather-450x450.png 450w, https:\/\/platabag.com\/wp-content\/uploads\/2023\/01\/leather-100x100.png 100w, https:\/\/platabag.com\/wp-content\/uploads\/2023\/01\/leather-50x50.png 50w, https:\/\/platabag.com\/wp-content\/uploads\/2023\/01\/leather-460x460.png 460w, https:\/\/platabag.com\/wp-content\/uploads\/2023\/01\/leather.png 512w\" sizes=\"(max-width: 60px) 100vw, 60px\" \/><\/p>\n<p>Stworzona z naturalnej sk\u00f3ry.<\/p>\n<p>&nbsp;<\/p>\n<p style=\"text-align: center;\">Wewn\u0105trz zmie\u015bcisz:<\/p>\n<p><img loading=\"lazy\" decoding=\"async\" class=\"wp-image-6211 aligncenter\" src=\"https:\/\/platabag.com\/wp-content\/uploads\/2023\/01\/UcanFIT-F01-300x56.png\" alt=\"\" width=\"323\" height=\"60\" srcset=\"https:\/\/platabag.com\/wp-content\/uploads\/2023\/01\/UcanFIT-F01-300x56.png 300w, https:\/\/platabag.com\/wp-content\/uploads\/2023\/01\/UcanFIT-F01-1024x190.png 1024w, https:\/\/platabag.com\/wp-content\/uploads\/2023\/01\/UcanFIT-F01-768x143.png 768w, https:\/\/platabag.com\/wp-content\/uploads\/2023\/01\/UcanFIT-F01-1536x286.png 1536w, https:\/\/platabag.com\/wp-content\/uploads\/2023\/01\/UcanFIT-F01-2048x381.png 2048w, https:\/\/platabag.com\/wp-content\/uploads\/2023\/01\/UcanFIT-F01-18x3.png 18w, https:\/\/platabag.com\/wp-content\/uploads\/2023\/01\/UcanFIT-F01-1320x246.png 1320w, https:\/\/platabag.com\/wp-content\/uploads\/2023\/01\/UcanFIT-F01-450x84.png 450w, https:\/\/platabag.com\/wp-content\/uploads\/2023\/01\/UcanFIT-F01-800x149.png 800w\" sizes=\"(max-width: 323px) 100vw, 323px\" \/><\/p>\n<p>&nbsp;<\/p>\n<p style=\"text-align: center;\"><a href=\"https:\/\/platabag.com\/pl\/care\/\">Piel\u0119gnacja<\/a><\/p>\n<p style=\"text-align: center;\"><a href=\"https:\/\/platabag.com\/pl\/refund-and-returns\/\"><span class=\"elementor-icon-list-text\">Zwroty i Reklamacje<\/span><\/a><\/p>","protected":false},"excerpt":{"rendered":"<p>The leather bag LEONOR is a\u00a0combination of a\u00a0classic baguette type with a\u00a0non-standard shape referring to the synthesis of the 30&#8217;s and 90&#8217;s. It is an\u00a0elegant handbag for everyday and evening stylizations. The crocodile skin texture gives it an\u00a0unique character. The cut corners of the base give it an\u00a0unusual look, and a\u00a0small strip in the middle adds charm to the finish. Inside there is a\u00a0zippered pocket that divides two chambers and a\u00a0small leather pocket for cards\/documents. There are 3\u00a0types of straps attached to the bag: hand strap; round handle and shoulder strap.<\/p>\n<p>&nbsp;<\/p>\n<p style=\"text-align: center;\"><img loading=\"lazy\" decoding=\"async\" class=\"aligncenter wp-image-6436 size-medium\" src=\"https:\/\/platabag.com\/wp-content\/uploads\/2023\/01\/poziomo6-300x61.png\" alt=\"\" width=\"300\" height=\"61\" srcset=\"https:\/\/platabag.com\/wp-content\/uploads\/2023\/01\/poziomo6-300x61.png 300w, https:\/\/platabag.com\/wp-content\/uploads\/2023\/01\/poziomo6-1024x208.png 1024w, https:\/\/platabag.com\/wp-content\/uploads\/2023\/01\/poziomo6-768x156.png 768w, https:\/\/platabag.com\/wp-content\/uploads\/2023\/01\/poziomo6-1536x312.png 1536w, https:\/\/platabag.com\/wp-content\/uploads\/2023\/01\/poziomo6-2048x416.png 2048w, https:\/\/platabag.com\/wp-content\/uploads\/2023\/01\/poziomo6-18x4.png 18w, https:\/\/platabag.com\/wp-content\/uploads\/2023\/01\/poziomo6-1320x268.png 1320w, https:\/\/platabag.com\/wp-content\/uploads\/2023\/01\/poziomo6-450x91.png 450w, https:\/\/platabag.com\/wp-content\/uploads\/2023\/01\/poziomo6-800x162.png 800w\" sizes=\"(max-width: 300px) 100vw, 300px\" \/>3 paski\u00a0\u00a0\u00a0\u00a0\u00a0\u00a0\u00a0 \u00a0\u00a0craftmade\u00a0\u00a0\u00a0\u00a0\u00a0\u00a0\u00a0\u00a0\u00a0naturalna sk\u00f3ra<\/p>","protected":false},"featured_media":7353,"template":"","meta":{"inline_featured_image":false},"product_cat":[15,54,109],"product_tag":[],"woo-feed-brand":[],"class_list":{"0":"post-6273","1":"product","2":"type-product","3":"status-publish","4":"has-post-thumbnail","6":"product_cat-bags","7":"product_cat-handbags","8":"product_cat-leonor","10":"first","11":"instock","12":"taxable","13":"shipping-taxable","14":"purchasable","15":"product-type-simple"},"_links":{"self":[{"href":"https:\/\/platabag.com\/pl\/wp-json\/wp\/v2\/product\/6273","targetHints":{"allow":["GET"]}}],"collection":[{"href":"https:\/\/platabag.com\/pl\/wp-json\/wp\/v2\/product"}],"about":[{"href":"https:\/\/platabag.com\/pl\/wp-json\/wp\/v2\/types\/product"}],"version-history":[{"count":10,"href":"https:\/\/platabag.com\/pl\/wp-json\/wp\/v2\/product\/6273\/revisions"}],"predecessor-version":[{"id":7346,"href":"https:\/\/platabag.com\/pl\/wp-json\/wp\/v2\/product\/6273\/revisions\/7346"}],"wp:featuredmedia":[{"embeddable":true,"href":"https:\/\/platabag.com\/pl\/wp-json\/wp\/v2\/media\/7353"}],"wp:attachment":[{"href":"https:\/\/platabag.com\/pl\/wp-json\/wp\/v2\/media?parent=6273"}],"wp:term":[{"taxonomy":"product_cat","embeddable":true,"href":"https:\/\/platabag.com\/pl\/wp-json\/wp\/v2\/product_cat?post=6273"},{"taxonomy":"product_tag","embeddable":true,"href":"https:\/\/platabag.com\/pl\/wp-json\/wp\/v2\/product_tag?post=6273"},{"taxonomy":"woo-feed-brand","embeddable":true,"href":"https:\/\/platabag.com\/pl\/wp-json\/wp\/v2\/woo-feed-brand?post=6273"}],"curies":[{"name":"wp","href":"https:\/\/api.w.org\/{rel}","templated":true}]}}