{"id":6241,"date":"2023-01-03T11:34:38","date_gmt":"2023-01-03T11:34:38","guid":{"rendered":"https:\/\/platabag.com\/?post_type=product&#038;p=6241"},"modified":"2025-10-07T20:55:54","modified_gmt":"2025-10-07T20:55:54","slug":"leather-handbag-frida-crocodile","status":"publish","type":"product","link":"https:\/\/platabag.com\/pl\/shop\/leather-handbag-frida-crocodile\/","title":{"rendered":"FRIDA &#8220;crocodile&#8221;"},"content":{"rendered":"<p><img decoding=\"async\" class=\"alignleft wp-image-6437\" src=\"https:\/\/platabag.com\/wp-content\/uploads\/2023\/01\/yoga-strap-300x300.png\" alt=\"\" width=\"60\" height=\"60\" srcset=\"https:\/\/platabag.com\/wp-content\/uploads\/2023\/01\/yoga-strap-300x300.png 300w, https:\/\/platabag.com\/wp-content\/uploads\/2023\/01\/yoga-strap-150x150.png 150w, https:\/\/platabag.com\/wp-content\/uploads\/2023\/01\/yoga-strap-12x12.png 12w, https:\/\/platabag.com\/wp-content\/uploads\/2023\/01\/yoga-strap-450x450.png 450w, https:\/\/platabag.com\/wp-content\/uploads\/2023\/01\/yoga-strap-100x100.png 100w, https:\/\/platabag.com\/wp-content\/uploads\/2023\/01\/yoga-strap-50x50.png 50w, https:\/\/platabag.com\/wp-content\/uploads\/2023\/01\/yoga-strap-460x460.png 460w, https:\/\/platabag.com\/wp-content\/uploads\/2023\/01\/yoga-strap.png 512w\" sizes=\"(max-width: 60px) 100vw, 60px\" \/>W zestawie 3 odpinane paski: p\u0142aski pasek do r\u0119ki; szeroka r\u0105czka oraz p\u0142aski pasek na rami\u0119.<\/p>\n<p>&nbsp;<\/p>\n<p><img decoding=\"async\" class=\"wp-image-6318 alignleft\" src=\"https:\/\/platabag.com\/wp-content\/uploads\/2023\/01\/needle-e1672840246594-300x258.png\" alt=\"\" width=\"60\" height=\"52\" srcset=\"https:\/\/platabag.com\/wp-content\/uploads\/2023\/01\/needle-e1672840246594-300x258.png 300w, https:\/\/platabag.com\/wp-content\/uploads\/2023\/01\/needle-e1672840246594-14x12.png 14w, https:\/\/platabag.com\/wp-content\/uploads\/2023\/01\/needle-e1672840246594-450x388.png 450w, https:\/\/platabag.com\/wp-content\/uploads\/2023\/01\/needle-e1672840246594.png 512w\" sizes=\"(max-width: 60px) 100vw, 60px\" \/><\/p>\n<p>Ta torebka zosta\u0142a uszyta dla Ciebie w lokalnym zak\u0142adzie kaletniczym w Polsce.<\/p>\n<p>&nbsp;<\/p>\n<p><img decoding=\"async\" class=\"wp-image-6344 alignleft\" src=\"https:\/\/platabag.com\/wp-content\/uploads\/2023\/01\/leather-300x300.png\" alt=\"\" width=\"60\" height=\"60\" srcset=\"https:\/\/platabag.com\/wp-content\/uploads\/2023\/01\/leather-300x300.png 300w, https:\/\/platabag.com\/wp-content\/uploads\/2023\/01\/leather-150x150.png 150w, https:\/\/platabag.com\/wp-content\/uploads\/2023\/01\/leather-12x12.png 12w, https:\/\/platabag.com\/wp-content\/uploads\/2023\/01\/leather-450x450.png 450w, https:\/\/platabag.com\/wp-content\/uploads\/2023\/01\/leather-100x100.png 100w, https:\/\/platabag.com\/wp-content\/uploads\/2023\/01\/leather-50x50.png 50w, https:\/\/platabag.com\/wp-content\/uploads\/2023\/01\/leather-460x460.png 460w, https:\/\/platabag.com\/wp-content\/uploads\/2023\/01\/leather.png 512w\" sizes=\"(max-width: 60px) 100vw, 60px\" \/><\/p>\n<p>Stworzona z naturalnej sk\u00f3ry.<\/p>\n<p>&nbsp;<\/p>\n<p style=\"text-align: center;\">Wewn\u0105trz zmie\u015bcisz:<\/p>\n<p style=\"text-align: center;\"><img loading=\"lazy\" decoding=\"async\" class=\"wp-image-6211 aligncenter\" src=\"https:\/\/platabag.com\/wp-content\/uploads\/2023\/01\/UcanFIT-F01-300x56.png\" alt=\"\" width=\"323\" height=\"60\" srcset=\"https:\/\/platabag.com\/wp-content\/uploads\/2023\/01\/UcanFIT-F01-300x56.png 300w, https:\/\/platabag.com\/wp-content\/uploads\/2023\/01\/UcanFIT-F01-1024x190.png 1024w, https:\/\/platabag.com\/wp-content\/uploads\/2023\/01\/UcanFIT-F01-768x143.png 768w, https:\/\/platabag.com\/wp-content\/uploads\/2023\/01\/UcanFIT-F01-1536x286.png 1536w, https:\/\/platabag.com\/wp-content\/uploads\/2023\/01\/UcanFIT-F01-2048x381.png 2048w, https:\/\/platabag.com\/wp-content\/uploads\/2023\/01\/UcanFIT-F01-18x3.png 18w, https:\/\/platabag.com\/wp-content\/uploads\/2023\/01\/UcanFIT-F01-1320x246.png 1320w, https:\/\/platabag.com\/wp-content\/uploads\/2023\/01\/UcanFIT-F01-450x84.png 450w, https:\/\/platabag.com\/wp-content\/uploads\/2023\/01\/UcanFIT-F01-800x149.png 800w\" sizes=\"(max-width: 323px) 100vw, 323px\" \/><\/p>\n<p>&nbsp;<\/p>\n<p style=\"text-align: center;\"><a href=\"https:\/\/platabag.com\/pl\/care\/\">Piel\u0119gnacja<\/a><\/p>\n<p style=\"text-align: center;\"><a href=\"https:\/\/platabag.com\/pl\/refund-and-returns\/\"><span class=\"elementor-icon-list-text\">Zwroty i Reklamacje<\/span><\/a><\/p>\n<p>&nbsp;<\/p>","protected":false},"excerpt":{"rendered":"<p>Model FRIDA to wyj\u0105tkowa sk\u00f3rzana torebka o\u00a0unikalnych kszta\u0142tach, pasuj\u0105ca do wieczorowych oraz odwa\u017cnych stylizacji. Unikalna faktura sk\u00f3ry krokodyla nadaje jej niepowtarzalnego charakteru. Podstawa torebki wpisana jest w\u00a0ko\u0142o, a\u00a0na g\u00f3rze nast\u0119puj\u0105 \u015bci\u0119cia niczym wskaz\u00f3wki zegara. Rozszerzana, kr\u00f3tka r\u0105czka nadaje r\u00f3wnowagi w\u00a0proporcjach torebki. W \u015brodku znajduje si\u0119 kiesze\u0144 na zamek, tworz\u0105ca dwie komory oraz ma\u0142a kiesze\u0144 na karty\/dokumenty. Do torebki s\u0105 do\u0142\u0105czone 3\u00a0rodzaje pask\u00f3w: pasek do r\u0119ki; szeroka r\u0105czka oraz pasek na rami\u0119.<\/p>\n<p>&nbsp;<\/p>\n<p><img loading=\"lazy\" decoding=\"async\" class=\"aligncenter wp-image-6436\" src=\"https:\/\/platabag.com\/wp-content\/uploads\/2023\/01\/poziomo6-300x61.png\" alt=\"\" width=\"296\" height=\"60\" srcset=\"https:\/\/platabag.com\/wp-content\/uploads\/2023\/01\/poziomo6-300x61.png 300w, https:\/\/platabag.com\/wp-content\/uploads\/2023\/01\/poziomo6-1024x208.png 1024w, https:\/\/platabag.com\/wp-content\/uploads\/2023\/01\/poziomo6-768x156.png 768w, https:\/\/platabag.com\/wp-content\/uploads\/2023\/01\/poziomo6-1536x312.png 1536w, https:\/\/platabag.com\/wp-content\/uploads\/2023\/01\/poziomo6-2048x416.png 2048w, https:\/\/platabag.com\/wp-content\/uploads\/2023\/01\/poziomo6-18x4.png 18w, https:\/\/platabag.com\/wp-content\/uploads\/2023\/01\/poziomo6-1320x268.png 1320w, https:\/\/platabag.com\/wp-content\/uploads\/2023\/01\/poziomo6-450x91.png 450w, https:\/\/platabag.com\/wp-content\/uploads\/2023\/01\/poziomo6-800x162.png 800w\" sizes=\"(max-width: 296px) 100vw, 296px\" \/><\/p>\n<p style=\"text-align: center;\">3 paski\u00a0\u00a0\u00a0\u00a0\u00a0 \u00a0\u00a0\u00a0craftmade\u00a0\u00a0\u00a0\u00a0\u00a0\u00a0\u00a0\u00a0naturalna sk\u00f3ra<\/p>","protected":false},"featured_media":6572,"template":"","meta":{"inline_featured_image":false},"product_cat":[15,112,54],"product_tag":[],"woo-feed-brand":[],"class_list":{"0":"post-6241","1":"product","2":"type-product","3":"status-publish","4":"has-post-thumbnail","6":"product_cat-bags","7":"product_cat-frida","8":"product_cat-handbags","10":"first","11":"onbackorder","12":"taxable","13":"shipping-taxable","14":"purchasable","15":"product-type-simple"},"_links":{"self":[{"href":"https:\/\/platabag.com\/pl\/wp-json\/wp\/v2\/product\/6241","targetHints":{"allow":["GET"]}}],"collection":[{"href":"https:\/\/platabag.com\/pl\/wp-json\/wp\/v2\/product"}],"about":[{"href":"https:\/\/platabag.com\/pl\/wp-json\/wp\/v2\/types\/product"}],"version-history":[{"count":11,"href":"https:\/\/platabag.com\/pl\/wp-json\/wp\/v2\/product\/6241\/revisions"}],"predecessor-version":[{"id":7058,"href":"https:\/\/platabag.com\/pl\/wp-json\/wp\/v2\/product\/6241\/revisions\/7058"}],"wp:featuredmedia":[{"embeddable":true,"href":"https:\/\/platabag.com\/pl\/wp-json\/wp\/v2\/media\/6572"}],"wp:attachment":[{"href":"https:\/\/platabag.com\/pl\/wp-json\/wp\/v2\/media?parent=6241"}],"wp:term":[{"taxonomy":"product_cat","embeddable":true,"href":"https:\/\/platabag.com\/pl\/wp-json\/wp\/v2\/product_cat?post=6241"},{"taxonomy":"product_tag","embeddable":true,"href":"https:\/\/platabag.com\/pl\/wp-json\/wp\/v2\/product_tag?post=6241"},{"taxonomy":"woo-feed-brand","embeddable":true,"href":"https:\/\/platabag.com\/pl\/wp-json\/wp\/v2\/woo-feed-brand?post=6241"}],"curies":[{"name":"wp","href":"https:\/\/api.w.org\/{rel}","templated":true}]}}