{"id":14,"date":"2022-12-05T22:58:58","date_gmt":"2022-12-05T22:58:58","guid":{"rendered":"https:\/\/platabag.com\/?page_id=14"},"modified":"2023-01-24T13:51:51","modified_gmt":"2023-01-24T13:51:51","slug":"refund-and-returns","status":"publish","type":"page","link":"https:\/\/platabag.com\/pl\/refund-and-returns\/","title":{"rendered":"Zwroty i reklamacje"},"content":{"rendered":"<div data-elementor-type=\"wp-page\" data-elementor-id=\"14\" class=\"elementor elementor-14\">\n\t\t\t\t\t\t<section class=\"elementor-section elementor-top-section elementor-element elementor-element-733d3c7e elementor-section-boxed elementor-section-height-default elementor-section-height-default\" data-id=\"733d3c7e\" data-element_type=\"section\">\n\t\t\t\t\t\t<div class=\"elementor-container elementor-column-gap-default\">\n\t\t\t\t\t<div class=\"elementor-column elementor-col-100 elementor-top-column elementor-element elementor-element-55c02f95\" data-id=\"55c02f95\" data-element_type=\"column\">\n\t\t\t<div class=\"elementor-widget-wrap elementor-element-populated\">\n\t\t\t\t\t\t<div class=\"elementor-element elementor-element-59b3c80c elementor-widget elementor-widget-text-editor\" data-id=\"59b3c80c\" data-element_type=\"widget\" data-widget_type=\"text-editor.default\">\n\t\t\t\t<div class=\"elementor-widget-container\">\n\t\t\t\t\t\t\t\t\t<p><\/p>\n<p>Prawo do zwrotu Towaru przys\u0142uguje z dowolnego powodu w ci\u0105gu 14 dni od otrzymania Towaru. Sklep ma prawo odm\u00f3wi\u0107 przyj\u0119cia Zwrotu, je\u015bli Zwrot zosta\u0142 dokonany po wyznaczonym terminie lub w przypadku, gdy Towar nosi \u015blady u\u017cytkowania.<\/p>\n<p>\u015arodki zostan\u0105 zwr\u00f3cone w ci\u0105gu maksymalnie 14 dni od daty otrzymania Towaru przez Sklep. Zwrot \u015brodk\u00f3w zostanie dokonany t\u0105 sam\u0105 metod\u0105 p\u0142atno\u015bci, kt\u00f3ra zosta\u0142a wybrana podczas sk\u0142adania zam\u00f3wienia.<\/p>\n<p>Nie akceptujemy towar\u00f3w zwracanych przesy\u0142k\u0105 za pobraniem.<\/p>\n<p><br><\/p>\n<p><\/p>\n<p><\/p>\t\t\t\t\t\t\t\t<\/div>\n\t\t\t\t<\/div>\n\t\t\t\t<div class=\"elementor-element elementor-element-68b447a elementor-widget elementor-widget-html\" data-id=\"68b447a\" data-element_type=\"widget\" data-widget_type=\"html.default\">\n\t\t\t\t<div class=\"elementor-widget-container\">\n\t\t\t\t\t<div id=\"ak_returns_banner_ae68e8ff-7735-4489-bfd8-38c0b3061620\"><\/div>\t\t\t\t<\/div>\n\t\t\t\t<\/div>\n\t\t\t\t<div class=\"elementor-element elementor-element-74a36f5 elementor-widget elementor-widget-spacer\" data-id=\"74a36f5\" data-element_type=\"widget\" data-widget_type=\"spacer.default\">\n\t\t\t\t<div class=\"elementor-widget-container\">\n\t\t\t\t\t\t\t<div class=\"elementor-spacer\">\n\t\t\t<div class=\"elementor-spacer-inner\"><\/div>\n\t\t<\/div>\n\t\t\t\t\t\t<\/div>\n\t\t\t\t<\/div>\n\t\t\t\t\t<\/div>\n\t\t<\/div>\n\t\t\t\t\t<\/div>\n\t\t<\/section>\n\t\t\t\t<\/div>","protected":false},"excerpt":{"rendered":"<p>The right to return the Goods is due for any reason within 14 days of receiving the Goods. The Store has the right to refuse to accept the Return if the Return was made after the deadline or if the returned goods should not bear traces of use. The funds will be returned within a [&hellip;]<\/p>","protected":false},"author":1,"featured_media":0,"parent":0,"menu_order":0,"comment_status":"closed","ping_status":"closed","template":"","meta":{"inline_featured_image":false,"footnotes":""},"class_list":["post-14","page","type-page","status-publish","hentry"],"_links":{"self":[{"href":"https:\/\/platabag.com\/pl\/wp-json\/wp\/v2\/pages\/14","targetHints":{"allow":["GET"]}}],"collection":[{"href":"https:\/\/platabag.com\/pl\/wp-json\/wp\/v2\/pages"}],"about":[{"href":"https:\/\/platabag.com\/pl\/wp-json\/wp\/v2\/types\/page"}],"author":[{"embeddable":true,"href":"https:\/\/platabag.com\/pl\/wp-json\/wp\/v2\/users\/1"}],"replies":[{"embeddable":true,"href":"https:\/\/platabag.com\/pl\/wp-json\/wp\/v2\/comments?post=14"}],"version-history":[{"count":13,"href":"https:\/\/platabag.com\/pl\/wp-json\/wp\/v2\/pages\/14\/revisions"}],"predecessor-version":[{"id":6739,"href":"https:\/\/platabag.com\/pl\/wp-json\/wp\/v2\/pages\/14\/revisions\/6739"}],"wp:attachment":[{"href":"https:\/\/platabag.com\/pl\/wp-json\/wp\/v2\/media?parent=14"}],"curies":[{"name":"wp","href":"https:\/\/api.w.org\/{rel}","templated":true}]}}